{"id":172,"date":"2024-03-04T08:14:20","date_gmt":"2024-03-04T07:14:20","guid":{"rendered":"https:\/\/compagnielableue.fr\/?page_id=172"},"modified":"2024-04-23T13:06:24","modified_gmt":"2024-04-23T11:06:24","slug":"contact","status":"publish","type":"page","link":"https:\/\/compagnielableue.fr\/index.php\/contact\/","title":{"rendered":"contact"},"content":{"rendered":"\n<h2 class=\"wp-block-heading has-text-color has-link-color has-medium-font-size wp-elements-6c538b95735c6bbe4531219b2ffc44e0\" style=\"color:#5ad1f2\">COMPAGNIE LA BLEUE <\/h2>\n\n\n<p><span style=\"color: #5ad1f2;\">Directrice artistique &#8211; MARION CADEAU <\/span><br \/><span style=\"color: #5ad1f2;\">Pr\u00e9sidente &#8211; AUR\u00c9LINE HOSTEIN <\/span><br \/><span style=\"color: #5ad1f2;\">Tr\u00e9sorier &#8211; LO\u00cfC BOISSIEU <\/span><\/p>\n<p><span style=\"color: #5ad1f2;\">contact@compagnielableue.fr<br \/>06 17 21 74 44\u00a0<\/span><\/p>\n<p><span style=\"color: #5ad1f2;\">Si\u00e8ge &#8211; 68 rue du bourg 21000 DIJON <\/span><br \/><span style=\"color: #5ad1f2;\">Siret &#8211; 89935393200036<\/span><\/p>","protected":false},"excerpt":{"rendered":"<p>COMPAGNIE LA BLEUE Directrice artistique &#8211; MARION CADEAU Pr\u00e9sidente &#8211; AUR\u00c9LINE HOSTEIN Tr\u00e9sorier &#8211; LO\u00cfC BOISSIEU contact@compagnielableue.fr06 17 21 74 44\u00a0 Si\u00e8ge &#8211; 68 rue du bourg 21000 DIJON Siret &#8211; 89935393200036<\/p>\n","protected":false},"author":1,"featured_media":277,"parent":0,"menu_order":0,"comment_status":"open","ping_status":"closed","template":"","meta":{"footnotes":""},"class_list":["post-172","page","type-page","status-publish","has-post-thumbnail","hentry"],"_links":{"self":[{"href":"https:\/\/compagnielableue.fr\/index.php\/wp-json\/wp\/v2\/pages\/172","targetHints":{"allow":["GET"]}}],"collection":[{"href":"https:\/\/compagnielableue.fr\/index.php\/wp-json\/wp\/v2\/pages"}],"about":[{"href":"https:\/\/compagnielableue.fr\/index.php\/wp-json\/wp\/v2\/types\/page"}],"author":[{"embeddable":true,"href":"https:\/\/compagnielableue.fr\/index.php\/wp-json\/wp\/v2\/users\/1"}],"replies":[{"embeddable":true,"href":"https:\/\/compagnielableue.fr\/index.php\/wp-json\/wp\/v2\/comments?post=172"}],"version-history":[{"count":7,"href":"https:\/\/compagnielableue.fr\/index.php\/wp-json\/wp\/v2\/pages\/172\/revisions"}],"predecessor-version":[{"id":304,"href":"https:\/\/compagnielableue.fr\/index.php\/wp-json\/wp\/v2\/pages\/172\/revisions\/304"}],"wp:featuredmedia":[{"embeddable":true,"href":"https:\/\/compagnielableue.fr\/index.php\/wp-json\/wp\/v2\/media\/277"}],"wp:attachment":[{"href":"https:\/\/compagnielableue.fr\/index.php\/wp-json\/wp\/v2\/media?parent=172"}],"curies":[{"name":"wp","href":"https:\/\/api.w.org\/{rel}","templated":true}]}}